{"id":372,"date":"2025-05-10T03:17:49","date_gmt":"2025-05-10T03:17:49","guid":{"rendered":"https:\/\/henriquemsantos.pt\/?page_id=372"},"modified":"2025-10-26T00:34:03","modified_gmt":"2025-10-26T00:34:03","slug":"agenda-2","status":"publish","type":"page","link":"https:\/\/henriquemsantos.pt\/index.php\/agenda-2\/","title":{"rendered":"Agenda"},"content":{"rendered":"\t\t<div data-elementor-type=\"wp-page\" data-elementor-id=\"372\" class=\"elementor elementor-372\">\n\t\t\t\t<div class=\"elementor-element elementor-element-ed9abc0 e-flex e-con-boxed wpr-particle-no wpr-jarallax-no wpr-parallax-no wpr-sticky-section-no e-con e-parent\" data-id=\"ed9abc0\" data-element_type=\"container\" data-e-type=\"container\">\n\t\t\t\t\t<div class=\"e-con-inner\">\n\t\t<div class=\"elementor-element elementor-element-5baff3c e-con-full e-flex wpr-particle-no wpr-jarallax-no wpr-parallax-no wpr-sticky-section-no e-con e-child\" data-id=\"5baff3c\" data-element_type=\"container\" data-e-type=\"container\">\n\t\t\t\t<div class=\"elementor-element elementor-element-03d9276 elementor-widget elementor-widget-heading\" data-id=\"03d9276\" data-element_type=\"widget\" data-e-type=\"widget\" data-widget_type=\"heading.default\">\n\t\t\t\t<div class=\"elementor-widget-container\">\n\t\t\t\t\t<h2 class=\"elementor-heading-title elementor-size-default\"><span style=\"color:#072a4e\">Agenda<\/h2>\t\t\t\t<\/div>\n\t\t\t\t<\/div>\n\t\t\t\t<div class=\"elementor-element elementor-element-980de28 elementor-widget elementor-widget-heading\" data-id=\"980de28\" data-element_type=\"widget\" data-e-type=\"widget\" data-widget_type=\"heading.default\">\n\t\t\t\t<div class=\"elementor-widget-container\">\n\t\t\t\t\t<p class=\"elementor-heading-title elementor-size-default\">A transpar\u00eancia e a proximidade s\u00e3o essenciais. Nesta \u00e1rea do site, poder\u00e1 consultar aquela que \u00e9 a minha <br>agenda p\u00fablica para os pr\u00f3ximos dias, bem como solicitar uma reuni\u00e3o.<\/p>\t\t\t\t<\/div>\n\t\t\t\t<\/div>\n\t\t\t\t<\/div>\n\t\t<div class=\"elementor-element elementor-element-05371cb e-con-full e-flex wpr-particle-no wpr-jarallax-no wpr-parallax-no wpr-sticky-section-no e-con e-child\" data-id=\"05371cb\" data-element_type=\"container\" data-e-type=\"container\">\n\t\t\t\t<div class=\"elementor-element elementor-element-bc1b657 elementor-widget elementor-widget-the-events-calendar-addon\" data-id=\"bc1b657\" data-element_type=\"widget\" data-e-type=\"widget\" data-widget_type=\"the-events-calendar-addon.default\">\n\t\t\t\t<div class=\"elementor-widget-container\">\n\t\t\t\t\t<!=========Events list Template 1.7.3=========><script type=\"application\/ld+json\">\r\n[{\"@context\":\"http:\/\/schema.org\",\"@type\":\"Event\",\"name\":\"Henrique, o Pol\\u00edtico visita a Freguesia de Oliveirinha\",\"description\":\"&lt;p&gt;Da parte da manh\\u00e3, a Palestra &quot;A Pol\\u00edtica \\u00e9 uma Chatice&quot; na Escola B\\u00e1sica Castro Matoso com alunos do 9\\u00baano&lt;\/p&gt;\\\\n\",\"url\":\"https:\/\/henriquemsantos.pt\/index.php\/event\/henrique-o-politico-visita-a-freguesia-de-oliveirinha\/\",\"eventAttendanceMode\":\"https:\/\/schema.org\/OfflineEventAttendanceMode\",\"eventStatus\":\"https:\/\/schema.org\/EventScheduled\",\"startDate\":\"2026-04-28T10:00:00+00:00\",\"endDate\":\"2026-04-28T13:30:00+00:00\",\"location\":{\"@type\":\"Place\",\"name\":\"Freguesia de Oliveirinha\",\"description\":\"\",\"url\":\"\",\"address\":{\"@type\":\"PostalAddress\",\"streetAddress\":\"Rotunda 2 de Maio, n\\u00ba 1\",\"addressLocality\":\"Oliveirinha\",\"addressRegion\":\"Aveiro\",\"postalCode\":\"3810-923\"},\"telephone\":\"\",\"sameAs\":\"https:\/\/www.jfoliveirinha.pt\/\"},\"performer\":\"Organization\"}]\r\n<\/script><div id=\"ectbe-wrapper-bc1b657\" class=\"ectbe-wrapper ectbe-list-wrapper style-1\"><div id=\"event-945\" class=\"ectbe-inner-wrapper ectbe-simple-event\"><div class=\"ectbe-date-area\">\n                                <span class=\"ectbe-ev-day\">28<\/span>\n                                <span class=\"ectbe-ev-mo\">Abril<\/span>\n                                <span class=\"ectbe-ev-yr\">2026<\/span>\n                                <\/div><div class=\"ectbe-content-box\"><div class=\"ectbe-evt-title\"><a class=\"ectbe-evt-url\" href=\"https:\/\/henriquemsantos.pt\/index.php\/event\/henrique-o-politico-visita-a-freguesia-de-oliveirinha\/\">Henrique, o Pol\u00edtico visita a Freguesia de Oliveirinha<\/a><\/div><div class=\"ectbe-evt-time\"><i class=\"ectbe-icon-clock\"><\/i>10:00 am - 1:30 pm<\/div><div class=\"ectbe-evt-venue\"><span class=\"ectbe-icon\"><i class=\"ectbe-icon-location\" aria-hidden=\"true\"><\/i><\/span>\n\t\t\t\t\t\t<span class=\"ectbe-venue-details ectbe-address\">Freguesia de Oliveirinha,<br><span class=\"tribe-address\">\n\n<span class=\"tribe-street-address\">Rotunda 2 de Maio, n\u00ba 1<\/span>\n\t\n\t\t<br>\n\t\t<span class=\"tribe-locality\">Oliveirinha<\/span><span class=\"tribe-delimiter\">,<\/span>\n\n\t<abbr class=\"tribe-region tribe-events-abbr\" title=\"Aveiro\">Aveiro<\/abbr>\n\n\t<span class=\"tribe-postal-code\">3810-923<\/span>\n\n\n<\/span>\n<\/span><\/div><div class=\"ectbe-evt-description\"><p>Da parte da manh\u00e3, a Palestra \"A Pol\u00edtica \u00e9 uma Chatice\" na Escola B\u00e1sica Castro Matoso com alunos do 9\u00baano<\/p>\n<\/div><\/div><div class=\"ectbe-evt-more-box\"><a class=\"ectbe-evt-read-more\" href=\"https:\/\/henriquemsantos.pt\/index.php\/event\/henrique-o-politico-visita-a-freguesia-de-oliveirinha\/\">Find out more<\/a><\/div><\/div><\/div>\t\t\t\t<\/div>\n\t\t\t\t<\/div>\n\t\t\t\t<\/div>\n\t\t\t\t\t<\/div>\n\t\t\t\t<\/div>\n\t\t\t\t<\/div>\n\t\t","protected":false},"excerpt":{"rendered":"<p>Agenda A transpar\u00eancia e a proximidade s\u00e3o essenciais. Nesta \u00e1rea do site, poder\u00e1 consultar aquela que \u00e9 a minha agenda p\u00fablica para os pr\u00f3ximos dias, bem como solicitar uma reuni\u00e3o. 09 Dezembro 2025 &#8220;Henrique, o Pol\u00edtico&#8221; vai \u00e1s Escolas9:00 am &#8211; 1:00 pm Escola Basica e Secundaria do Levante da Maia, R. Eus\u00e9bio da Silva Ferreira Maia, Distrito do Porto 4470-470 Portugal Find out more<\/p>\n","protected":false},"author":2,"featured_media":0,"parent":0,"menu_order":0,"comment_status":"closed","ping_status":"closed","template":"","meta":{"footnotes":""},"class_list":["post-372","page","type-page","status-publish","hentry"],"_links":{"self":[{"href":"https:\/\/henriquemsantos.pt\/index.php\/wp-json\/wp\/v2\/pages\/372","targetHints":{"allow":["GET"]}}],"collection":[{"href":"https:\/\/henriquemsantos.pt\/index.php\/wp-json\/wp\/v2\/pages"}],"about":[{"href":"https:\/\/henriquemsantos.pt\/index.php\/wp-json\/wp\/v2\/types\/page"}],"author":[{"embeddable":true,"href":"https:\/\/henriquemsantos.pt\/index.php\/wp-json\/wp\/v2\/users\/2"}],"replies":[{"embeddable":true,"href":"https:\/\/henriquemsantos.pt\/index.php\/wp-json\/wp\/v2\/comments?post=372"}],"version-history":[{"count":22,"href":"https:\/\/henriquemsantos.pt\/index.php\/wp-json\/wp\/v2\/pages\/372\/revisions"}],"predecessor-version":[{"id":864,"href":"https:\/\/henriquemsantos.pt\/index.php\/wp-json\/wp\/v2\/pages\/372\/revisions\/864"}],"wp:attachment":[{"href":"https:\/\/henriquemsantos.pt\/index.php\/wp-json\/wp\/v2\/media?parent=372"}],"curies":[{"name":"wp","href":"https:\/\/api.w.org\/{rel}","templated":true}]}}