{"id":390,"date":"2025-05-10T03:34:33","date_gmt":"2025-05-10T03:34:33","guid":{"rendered":"https:\/\/henriquemsantos.pt\/?page_id=390"},"modified":"2025-11-25T10:47:33","modified_gmt":"2025-11-25T10:47:33","slug":"henrique-o-politico","status":"publish","type":"page","link":"https:\/\/henriquemsantos.pt\/index.php\/henrique-o-politico\/","title":{"rendered":"&#8220;Henrique, o Pol\u00edtico&#8221;"},"content":{"rendered":"\t\t<div data-elementor-type=\"wp-page\" data-elementor-id=\"390\" class=\"elementor elementor-390\">\n\t\t\t\t<div class=\"elementor-element elementor-element-206b97f e-flex e-con-boxed wpr-particle-no wpr-jarallax-no wpr-parallax-no wpr-sticky-section-no wpr-equal-height-no e-con e-parent\" data-id=\"206b97f\" data-element_type=\"container\" data-e-type=\"container\">\n\t\t\t\t\t<div class=\"e-con-inner\">\n\t\t<div class=\"elementor-element elementor-element-41c7824 e-con-full e-flex wpr-particle-no wpr-jarallax-no wpr-parallax-no wpr-sticky-section-no wpr-equal-height-no e-con e-child\" data-id=\"41c7824\" data-element_type=\"container\" data-e-type=\"container\">\n\t\t\t\t<div class=\"elementor-element elementor-element-ddb7657 elementor-widget elementor-widget-heading\" data-id=\"ddb7657\" data-element_type=\"widget\" data-e-type=\"widget\" data-widget_type=\"heading.default\">\n\t\t\t\t<div class=\"elementor-widget-container\">\n\t\t\t\t\t<h2 class=\"elementor-heading-title elementor-size-default\">\u201cHenrique, o Pol\u00edtico\u201d<\/h2>\t\t\t\t<\/div>\n\t\t\t\t<\/div>\n\t\t\t\t<div class=\"elementor-element elementor-element-b80c9f2 elementor-widget elementor-widget-heading\" data-id=\"b80c9f2\" data-element_type=\"widget\" data-e-type=\"widget\" data-widget_type=\"heading.default\">\n\t\t\t\t<div class=\"elementor-widget-container\">\n\t\t\t\t\t<p class=\"elementor-heading-title elementor-size-default\">Criado em Maio de 2024, este programa de televis\u00e3o nasceu da urg\u00eancia que senti: a pol\u00edtica est\u00e1 longe demais dos jovens, e os jovens est\u00e3o a ser afastados da pol\u00edtica. Isso precisava de mudar. Como adolescente atento e participativo, percebi que o desinteresse dos jovens n\u00e3o vinha de pregui\u00e7a ou desinforma\u00e7\u00e3o, vinha da forma como a pol\u00edtica lhes \u00e9 apresentada: confusa, distante, sem espa\u00e7o para perguntas. Quis inverter isso. Criar um espa\u00e7o em que a pol\u00edtica fosse acess\u00edvel, clara e, acima de tudo, nossa.<\/p>\t\t\t\t<\/div>\n\t\t\t\t<\/div>\n\t\t\t\t<\/div>\n\t\t\t\t\t<\/div>\n\t\t\t\t<\/div>\n\t\t<div class=\"elementor-element elementor-element-41c2a33 e-flex e-con-boxed wpr-particle-no wpr-jarallax-no wpr-parallax-no wpr-sticky-section-no wpr-equal-height-no e-con e-parent\" data-id=\"41c2a33\" data-element_type=\"container\" data-e-type=\"container\">\n\t\t\t\t\t<div class=\"e-con-inner\">\n\t\t\t\t<div class=\"elementor-element elementor-element-2c38870 elementor-widget elementor-widget-html\" data-id=\"2c38870\" data-element_type=\"widget\" data-e-type=\"widget\" data-widget_type=\"html.default\">\n\t\t\t\t<div class=\"elementor-widget-container\">\n\t\t\t\t\t<iframe width=\"560\" height=\"315\" src=\"https:\/\/www.youtube.com\/embed\/videoseries?si=pYgryGuJQHAwrGok&amp;list=PLXNtg5J5AQStbqHWPHzW7jY-p1nCvcJjr\" title=\"YouTube video player\" frameborder=\"0\" allow=\"accelerometer; autoplay; clipboard-write; encrypted-media; gyroscope; picture-in-picture; web-share\" referrerpolicy=\"strict-origin-when-cross-origin\" allowfullscreen><\/iframe>\t\t\t\t<\/div>\n\t\t\t\t<\/div>\n\t\t\t\t\t<\/div>\n\t\t\t\t<\/div>\n\t\t<div class=\"elementor-element elementor-element-b3b9463 e-flex e-con-boxed wpr-particle-no wpr-jarallax-no wpr-parallax-no wpr-sticky-section-no wpr-equal-height-no e-con e-parent\" data-id=\"b3b9463\" data-element_type=\"container\" data-e-type=\"container\">\n\t\t\t\t\t<div class=\"e-con-inner\">\n\t\t<div class=\"elementor-element elementor-element-87b89cc e-con-full e-flex wpr-particle-no wpr-jarallax-no wpr-parallax-no wpr-sticky-section-no wpr-equal-height-no e-con e-child\" data-id=\"87b89cc\" data-element_type=\"container\" data-e-type=\"container\">\n\t\t\t\t<div class=\"elementor-element elementor-element-89e1266 elementor-widget elementor-widget-heading\" data-id=\"89e1266\" data-element_type=\"widget\" data-e-type=\"widget\" data-widget_type=\"heading.default\">\n\t\t\t\t<div class=\"elementor-widget-container\">\n\t\t\t\t\t<h2 class=\"elementor-heading-title elementor-size-default\">\u201cHenrique, o Pol\u00edtico\u201d <span style=\"color:#072a4e\">vai \u00e1s escolas<\/h2>\t\t\t\t<\/div>\n\t\t\t\t<\/div>\n\t\t\t\t<\/div>\n\t\t\t\t\t<\/div>\n\t\t\t\t<\/div>\n\t\t\t\t<section class=\"elementor-section elementor-top-section elementor-element elementor-element-bb9525a elementor-section-boxed elementor-section-height-default elementor-section-height-default wpr-particle-no wpr-jarallax-no wpr-parallax-no wpr-sticky-section-no wpr-equal-height-no\" data-id=\"bb9525a\" data-element_type=\"section\" data-e-type=\"section\">\n\t\t\t\t\t\t<div class=\"elementor-container elementor-column-gap-default\">\n\t\t\t\t\t<div class=\"elementor-column elementor-col-33 elementor-top-column elementor-element elementor-element-ed0db37\" data-id=\"ed0db37\" data-element_type=\"column\" data-e-type=\"column\">\n\t\t\t<div class=\"elementor-widget-wrap elementor-element-populated\">\n\t\t\t\t\t\t<section class=\"elementor-section elementor-inner-section elementor-element elementor-element-4babac3 elementor-section-boxed elementor-section-height-default elementor-section-height-default wpr-particle-no wpr-jarallax-no wpr-parallax-no wpr-sticky-section-no wpr-equal-height-no elementor-invisible\" data-id=\"4babac3\" data-element_type=\"section\" data-e-type=\"section\" data-settings=\"{&quot;background_background&quot;:&quot;classic&quot;,&quot;animation&quot;:&quot;zoomIn&quot;}\">\n\t\t\t\t\t\t<div class=\"elementor-container elementor-column-gap-default\">\n\t\t\t\t\t<div class=\"elementor-column elementor-col-100 elementor-inner-column elementor-element elementor-element-34db0d2\" data-id=\"34db0d2\" data-element_type=\"column\" data-e-type=\"column\">\n\t\t\t<div class=\"elementor-widget-wrap elementor-element-populated\">\n\t\t\t\t\t\t<div class=\"elementor-element elementor-element-da62454 elementor-widget elementor-widget-image\" data-id=\"da62454\" data-element_type=\"widget\" data-e-type=\"widget\" data-widget_type=\"image.default\">\n\t\t\t\t<div class=\"elementor-widget-container\">\n\t\t\t\t\t\t\t\t\t\t\t\t\t\t\t<img fetchpriority=\"high\" decoding=\"async\" width=\"2560\" height=\"1920\" src=\"https:\/\/henriquemsantos.pt\/wp-content\/uploads\/2025\/05\/image1-scaled.jpeg\" class=\"attachment-full size-full wp-image-665\" alt=\"\" srcset=\"https:\/\/henriquemsantos.pt\/wp-content\/uploads\/2025\/05\/image1-scaled.jpeg 2560w, https:\/\/henriquemsantos.pt\/wp-content\/uploads\/2025\/05\/image1-300x225.jpeg 300w, https:\/\/henriquemsantos.pt\/wp-content\/uploads\/2025\/05\/image1-1024x768.jpeg 1024w, https:\/\/henriquemsantos.pt\/wp-content\/uploads\/2025\/05\/image1-768x576.jpeg 768w, https:\/\/henriquemsantos.pt\/wp-content\/uploads\/2025\/05\/image1-1536x1152.jpeg 1536w, https:\/\/henriquemsantos.pt\/wp-content\/uploads\/2025\/05\/image1-2048x1536.jpeg 2048w, https:\/\/henriquemsantos.pt\/wp-content\/uploads\/2025\/05\/image1-600x450.jpeg 600w\" sizes=\"(max-width: 2560px) 100vw, 2560px\" \/>\t\t\t\t\t\t\t\t\t\t\t\t\t\t\t<\/div>\n\t\t\t\t<\/div>\n\t\t\t\t<div class=\"elementor-element elementor-element-c0322c5 elementor-view-default elementor-position-block-start elementor-mobile-position-block-start elementor-widget elementor-widget-icon-box\" data-id=\"c0322c5\" data-element_type=\"widget\" data-e-type=\"widget\" data-widget_type=\"icon-box.default\">\n\t\t\t\t<div class=\"elementor-widget-container\">\n\t\t\t\t\t\t\t<div class=\"elementor-icon-box-wrapper\">\n\n\t\t\t\t\t\t<div class=\"elementor-icon-box-icon\">\n\t\t\t\t<span  class=\"elementor-icon\">\n\t\t\t\t<svg aria-hidden=\"true\" class=\"e-font-icon-svg e-far-window-minimize\" viewBox=\"0 0 512 512\" xmlns=\"http:\/\/www.w3.org\/2000\/svg\"><path d=\"M480 480H32c-17.7 0-32-14.3-32-32s14.3-32 32-32h448c17.7 0 32 14.3 32 32s-14.3 32-32 32z\"><\/path><\/svg>\t\t\t\t<\/span>\n\t\t\t<\/div>\n\t\t\t\n\t\t\t\t\t\t<div class=\"elementor-icon-box-content\">\n\n\t\t\t\t\t\t\t\t\t<h3 class=\"elementor-icon-box-title\">\n\t\t\t\t\t\t<span  >\n\t\t\t\t\t\t\t\u201cA Pol\u00edtica \u00e9 uma Chatice?\u201d\t\t\t\t\t\t<\/span>\n\t\t\t\t\t<\/h3>\n\t\t\t\t\n\t\t\t\t\t\t\t\t\t<p class=\"elementor-icon-box-description\">\n\t\t\t\t\t\t<br>\n\"A Pol\u00edtica \u00e9 uma Chatice?\" \u00e9 uma palestra pensada para desmistificar a perce\u00e7\u00e3o de que a pol\u00edtica \u00e9 algo distante e desinteressante. Durante estas sess\u00f5es, partilho de forma interativa e envolvente como a pol\u00edtica influencia o dia a dia de cada um de n\u00f3s e porque \u00e9 importante que os jovens se envolvam neste universo. A palestra tem como objetivo inspirar uma nova gera\u00e7\u00e3o de cidad\u00e3os mais conscientes e participativos, mostrando que, longe de ser uma chatice, a pol\u00edtica \u00e9 uma ferramenta essencial para transformar realidades.\n<br>\n<br>\n<br>\t\t\t\t\t<\/p>\n\t\t\t\t\n\t\t\t<\/div>\n\t\t\t\n\t\t<\/div>\n\t\t\t\t\t\t<\/div>\n\t\t\t\t<\/div>\n\t\t\t\t<div class=\"elementor-element elementor-element-65a36af wpr-button-icon-style-inline wpr-button-icon-position-right elementor-widget elementor-widget-wpr-button\" data-id=\"65a36af\" data-element_type=\"widget\" data-e-type=\"widget\" data-widget_type=\"wpr-button.default\">\n\t\t\t\t<div class=\"elementor-widget-container\">\n\t\t\t\t\t\t\n\t\t\t\n\t\t\n\t\t<div class=\"wpr-button-wrap elementor-clearfix\">\n\t\t<a class=\"wpr-button wpr-button-effect wpr-button-none\" data-text=\"\" href=\"https:\/\/drive.google.com\/file\/d\/1bO3hA0rMFBpwai4iikqnJ-7aGkstudlN\/view?usp=sharing\">\n\t\t\t\n\t\t\t<span class=\"wpr-button-content\">\n\t\t\t\t\t\t\t\t\t<span class=\"wpr-button-text\">Dossier de Atividades<\/span>\n\t\t\t\t\t\t\t\t\n\t\t\t\t\t\t\t<\/span>\n\t\t<\/a>\n\n\t\t\t\t<\/div>\n\t\n\t\n\t\t\t\t\t<\/div>\n\t\t\t\t<\/div>\n\t\t\t\t\t<\/div>\n\t\t<\/div>\n\t\t\t\t\t<\/div>\n\t\t<\/section>\n\t\t\t\t\t<\/div>\n\t\t<\/div>\n\t\t\t\t<div class=\"elementor-column elementor-col-33 elementor-top-column elementor-element elementor-element-852fb84\" data-id=\"852fb84\" data-element_type=\"column\" data-e-type=\"column\">\n\t\t\t<div class=\"elementor-widget-wrap elementor-element-populated\">\n\t\t\t\t\t\t<section class=\"elementor-section elementor-inner-section elementor-element elementor-element-5921017 elementor-section-boxed elementor-section-height-default elementor-section-height-default wpr-particle-no wpr-jarallax-no wpr-parallax-no wpr-sticky-section-no wpr-equal-height-no elementor-invisible\" data-id=\"5921017\" data-element_type=\"section\" data-e-type=\"section\" data-settings=\"{&quot;background_background&quot;:&quot;classic&quot;,&quot;animation&quot;:&quot;zoomIn&quot;,&quot;animation_delay&quot;:100}\">\n\t\t\t\t\t\t<div class=\"elementor-container elementor-column-gap-default\">\n\t\t\t\t\t<div class=\"elementor-column elementor-col-100 elementor-inner-column elementor-element elementor-element-f65af05\" data-id=\"f65af05\" data-element_type=\"column\" data-e-type=\"column\">\n\t\t\t<div class=\"elementor-widget-wrap elementor-element-populated\">\n\t\t\t\t\t\t<div class=\"elementor-element elementor-element-618d159 elementor-widget elementor-widget-image\" data-id=\"618d159\" data-element_type=\"widget\" data-e-type=\"widget\" data-widget_type=\"image.default\">\n\t\t\t\t<div class=\"elementor-widget-container\">\n\t\t\t\t\t\t\t\t\t\t\t\t\t\t\t<img decoding=\"async\" width=\"2560\" height=\"1920\" src=\"https:\/\/henriquemsantos.pt\/wp-content\/uploads\/2025\/05\/image3-scaled.jpeg\" class=\"attachment-full size-full wp-image-666\" alt=\"\" srcset=\"https:\/\/henriquemsantos.pt\/wp-content\/uploads\/2025\/05\/image3-scaled.jpeg 2560w, https:\/\/henriquemsantos.pt\/wp-content\/uploads\/2025\/05\/image3-300x225.jpeg 300w, https:\/\/henriquemsantos.pt\/wp-content\/uploads\/2025\/05\/image3-1024x768.jpeg 1024w, https:\/\/henriquemsantos.pt\/wp-content\/uploads\/2025\/05\/image3-768x576.jpeg 768w, https:\/\/henriquemsantos.pt\/wp-content\/uploads\/2025\/05\/image3-1536x1152.jpeg 1536w, https:\/\/henriquemsantos.pt\/wp-content\/uploads\/2025\/05\/image3-2048x1536.jpeg 2048w, https:\/\/henriquemsantos.pt\/wp-content\/uploads\/2025\/05\/image3-600x450.jpeg 600w\" sizes=\"(max-width: 2560px) 100vw, 2560px\" \/>\t\t\t\t\t\t\t\t\t\t\t\t\t\t\t<\/div>\n\t\t\t\t<\/div>\n\t\t\t\t<div class=\"elementor-element elementor-element-aba4d67 elementor-view-default elementor-position-block-start elementor-mobile-position-block-start elementor-widget elementor-widget-icon-box\" data-id=\"aba4d67\" data-element_type=\"widget\" data-e-type=\"widget\" data-widget_type=\"icon-box.default\">\n\t\t\t\t<div class=\"elementor-widget-container\">\n\t\t\t\t\t\t\t<div class=\"elementor-icon-box-wrapper\">\n\n\t\t\t\t\t\t<div class=\"elementor-icon-box-icon\">\n\t\t\t\t<span  class=\"elementor-icon\">\n\t\t\t\t<svg aria-hidden=\"true\" class=\"e-font-icon-svg e-far-window-minimize\" viewBox=\"0 0 512 512\" xmlns=\"http:\/\/www.w3.org\/2000\/svg\"><path d=\"M480 480H32c-17.7 0-32-14.3-32-32s14.3-32 32-32h448c17.7 0 32 14.3 32 32s-14.3 32-32 32z\"><\/path><\/svg>\t\t\t\t<\/span>\n\t\t\t<\/div>\n\t\t\t\n\t\t\t\t\t\t<div class=\"elementor-icon-box-content\">\n\n\t\t\t\t\t\t\t\t\t<h3 class=\"elementor-icon-box-title\">\n\t\t\t\t\t\t<span  >\n\t\t\t\t\t\t\t\u201cParlamento dos Jovens, Passo a Passo\u201d\t\t\t\t\t\t<\/span>\n\t\t\t\t\t<\/h3>\n\t\t\t\t\n\t\t\t\t\t\t\t\t\t<p class=\"elementor-icon-box-description\">\n\t\t\t\t\t\t<br>\n\"Parlamento dos Jovens Passo a Passo\" \u00e9 uma palestra pensada para orientar candidatos ao Parlamento dos Jovens nas escolas. Al\u00e9m de explicar como funciona o processo, ajudo cada lista a estruturar e fortalecer as suas medidas. Atrav\u00e9s de debates sobre temas relevantes, os participantes desenvolvem propostas concretas e aprendem na pr\u00e1tica a import\u00e2ncia do di\u00e1logo e da argumenta\u00e7\u00e3o pol\u00edtica. Partilho ainda a minha experi\u00eancia pessoal no Parlamento dos Jovens, mostrando como essa iniciativa pode ser um verdadeiro trampolim para a participa\u00e7\u00e3o c\u00edvica.\t\t\t\t\t<\/p>\n\t\t\t\t\n\t\t\t<\/div>\n\t\t\t\n\t\t<\/div>\n\t\t\t\t\t\t<\/div>\n\t\t\t\t<\/div>\n\t\t\t\t<div class=\"elementor-element elementor-element-1a20c1a wpr-button-icon-style-inline wpr-button-icon-position-right elementor-widget elementor-widget-wpr-button\" data-id=\"1a20c1a\" data-element_type=\"widget\" data-e-type=\"widget\" data-widget_type=\"wpr-button.default\">\n\t\t\t\t<div class=\"elementor-widget-container\">\n\t\t\t\t\t\t\n\t\t\t\n\t\t\n\t\t<div class=\"wpr-button-wrap elementor-clearfix\">\n\t\t<a class=\"wpr-button wpr-button-effect wpr-button-none\" data-text=\"\" href=\"https:\/\/drive.google.com\/file\/d\/1bO3hA0rMFBpwai4iikqnJ-7aGkstudlN\/view?usp=sharing\">\n\t\t\t\n\t\t\t<span class=\"wpr-button-content\">\n\t\t\t\t\t\t\t\t\t<span class=\"wpr-button-text\">Dossier de Atividades<\/span>\n\t\t\t\t\t\t\t\t\n\t\t\t\t\t\t\t<\/span>\n\t\t<\/a>\n\n\t\t\t\t<\/div>\n\t\n\t\n\t\t\t\t\t<\/div>\n\t\t\t\t<\/div>\n\t\t\t\t\t<\/div>\n\t\t<\/div>\n\t\t\t\t\t<\/div>\n\t\t<\/section>\n\t\t\t\t\t<\/div>\n\t\t<\/div>\n\t\t\t\t<div class=\"elementor-column elementor-col-33 elementor-top-column elementor-element elementor-element-3242cf0\" data-id=\"3242cf0\" data-element_type=\"column\" data-e-type=\"column\">\n\t\t\t<div class=\"elementor-widget-wrap elementor-element-populated\">\n\t\t\t\t\t\t<section class=\"elementor-section elementor-inner-section elementor-element elementor-element-6527029 elementor-section-boxed elementor-section-height-default elementor-section-height-default wpr-particle-no wpr-jarallax-no wpr-parallax-no wpr-sticky-section-no wpr-equal-height-no elementor-invisible\" data-id=\"6527029\" data-element_type=\"section\" data-e-type=\"section\" data-settings=\"{&quot;background_background&quot;:&quot;classic&quot;,&quot;animation&quot;:&quot;zoomIn&quot;,&quot;animation_delay&quot;:200}\">\n\t\t\t\t\t\t<div class=\"elementor-container elementor-column-gap-default\">\n\t\t\t\t\t<div class=\"elementor-column elementor-col-100 elementor-inner-column elementor-element elementor-element-bf8193d\" data-id=\"bf8193d\" data-element_type=\"column\" data-e-type=\"column\">\n\t\t\t<div class=\"elementor-widget-wrap elementor-element-populated\">\n\t\t\t\t\t\t<div class=\"elementor-element elementor-element-f43e2e5 elementor-widget elementor-widget-image\" data-id=\"f43e2e5\" data-element_type=\"widget\" data-e-type=\"widget\" data-widget_type=\"image.default\">\n\t\t\t\t<div class=\"elementor-widget-container\">\n\t\t\t\t\t\t\t\t\t\t\t\t\t\t\t<img decoding=\"async\" width=\"2560\" height=\"1920\" src=\"https:\/\/henriquemsantos.pt\/wp-content\/uploads\/2025\/05\/Untitled-design-94.png\" class=\"attachment-full size-full wp-image-675\" alt=\"\" srcset=\"https:\/\/henriquemsantos.pt\/wp-content\/uploads\/2025\/05\/Untitled-design-94.png 2560w, https:\/\/henriquemsantos.pt\/wp-content\/uploads\/2025\/05\/Untitled-design-94-300x225.png 300w, https:\/\/henriquemsantos.pt\/wp-content\/uploads\/2025\/05\/Untitled-design-94-1024x768.png 1024w, https:\/\/henriquemsantos.pt\/wp-content\/uploads\/2025\/05\/Untitled-design-94-768x576.png 768w, https:\/\/henriquemsantos.pt\/wp-content\/uploads\/2025\/05\/Untitled-design-94-1536x1152.png 1536w, https:\/\/henriquemsantos.pt\/wp-content\/uploads\/2025\/05\/Untitled-design-94-2048x1536.png 2048w, https:\/\/henriquemsantos.pt\/wp-content\/uploads\/2025\/05\/Untitled-design-94-600x450.png 600w\" sizes=\"(max-width: 2560px) 100vw, 2560px\" \/>\t\t\t\t\t\t\t\t\t\t\t\t\t\t\t<\/div>\n\t\t\t\t<\/div>\n\t\t\t\t<div class=\"elementor-element elementor-element-98e3a1a elementor-view-default elementor-position-block-start elementor-mobile-position-block-start elementor-widget elementor-widget-icon-box\" data-id=\"98e3a1a\" data-element_type=\"widget\" data-e-type=\"widget\" data-widget_type=\"icon-box.default\">\n\t\t\t\t<div class=\"elementor-widget-container\">\n\t\t\t\t\t\t\t<div class=\"elementor-icon-box-wrapper\">\n\n\t\t\t\t\t\t<div class=\"elementor-icon-box-icon\">\n\t\t\t\t<span  class=\"elementor-icon\">\n\t\t\t\t<svg aria-hidden=\"true\" class=\"e-font-icon-svg e-far-window-minimize\" viewBox=\"0 0 512 512\" xmlns=\"http:\/\/www.w3.org\/2000\/svg\"><path d=\"M480 480H32c-17.7 0-32-14.3-32-32s14.3-32 32-32h448c17.7 0 32 14.3 32 32s-14.3 32-32 32z\"><\/path><\/svg>\t\t\t\t<\/span>\n\t\t\t<\/div>\n\t\t\t\n\t\t\t\t\t\t<div class=\"elementor-icon-box-content\">\n\n\t\t\t\t\t\t\t\t\t<h3 class=\"elementor-icon-box-title\">\n\t\t\t\t\t\t<span  >\n\t\t\t\t\t\t\t\u201cA Europa, aqui perto de n\u00f3s\u201d\t\t\t\t\t\t<\/span>\n\t\t\t\t\t<\/h3>\n\t\t\t\t\n\t\t\t\t\t\t\t\t\t<p class=\"elementor-icon-box-description\">\n\t\t\t\t\t\t<br>\n\"A Europa Aqui Perto de N\u00f3s\" \u00e9 uma palestra que aproxima os jovens da realidade europeia, mostrando como as decis\u00f5es tomadas na Uni\u00e3o Europeia impactam o nosso dia a dia. De forma interativa, exploro oportunidades, desafios e o papel de Portugal no projeto europeu, incentivando uma participa\u00e7\u00e3o mais ativa e consciente na constru\u00e7\u00e3o do futuro da Europa.\n<br>\n<br>\n<br>\n<br>\n<br>\n<br>\t\t\t\t\t<\/p>\n\t\t\t\t\n\t\t\t<\/div>\n\t\t\t\n\t\t<\/div>\n\t\t\t\t\t\t<\/div>\n\t\t\t\t<\/div>\n\t\t\t\t<div class=\"elementor-element elementor-element-138bcaf wpr-button-icon-style-inline wpr-button-icon-position-right elementor-widget elementor-widget-wpr-button\" data-id=\"138bcaf\" data-element_type=\"widget\" data-e-type=\"widget\" data-widget_type=\"wpr-button.default\">\n\t\t\t\t<div class=\"elementor-widget-container\">\n\t\t\t\t\t\t\n\t\t\t\n\t\t\n\t\t<div class=\"wpr-button-wrap elementor-clearfix\">\n\t\t<a class=\"wpr-button wpr-button-effect wpr-button-none\" data-text=\"\" href=\"https:\/\/drive.google.com\/file\/d\/1bO3hA0rMFBpwai4iikqnJ-7aGkstudlN\/view?usp=sharing\">\n\t\t\t\n\t\t\t<span class=\"wpr-button-content\">\n\t\t\t\t\t\t\t\t\t<span class=\"wpr-button-text\">Dossier de Atividades<\/span>\n\t\t\t\t\t\t\t\t\n\t\t\t\t\t\t\t<\/span>\n\t\t<\/a>\n\n\t\t\t\t<\/div>\n\t\n\t\n\t\t\t\t\t<\/div>\n\t\t\t\t<\/div>\n\t\t\t\t\t<\/div>\n\t\t<\/div>\n\t\t\t\t\t<\/div>\n\t\t<\/section>\n\t\t\t\t\t<\/div>\n\t\t<\/div>\n\t\t\t\t\t<\/div>\n\t\t<\/section>\n\t\t\t\t<\/div>\n\t\t","protected":false},"excerpt":{"rendered":"<p>\u201cHenrique, o Pol\u00edtico\u201d Criado em Maio de 2024, este programa de televis\u00e3o nasceu da urg\u00eancia que senti: a pol\u00edtica est\u00e1 longe demais dos jovens, e os jovens est\u00e3o a ser afastados da pol\u00edtica. Isso precisava de mudar. Como adolescente atento e participativo, percebi que o desinteresse dos jovens n\u00e3o vinha de pregui\u00e7a ou desinforma\u00e7\u00e3o, vinha da forma como a pol\u00edtica lhes \u00e9 apresentada: confusa, distante, sem espa\u00e7o para perguntas. Quis inverter isso. Criar um espa\u00e7o em que a pol\u00edtica fosse acess\u00edvel, clara e, acima de tudo, nossa. \u201cHenrique, o Pol\u00edtico\u201d vai \u00e1s escolas \u201cA Pol\u00edtica \u00e9 uma Chatice?\u201d &#8220;A Pol\u00edtica \u00e9 uma Chatice?&#8221; \u00e9 uma palestra pensada para desmistificar a perce\u00e7\u00e3o de que a pol\u00edtica \u00e9 algo distante e desinteressante. Durante estas sess\u00f5es, partilho de forma interativa e envolvente como a pol\u00edtica influencia o dia a dia de cada um de n\u00f3s e porque \u00e9 importante que os jovens se envolvam neste universo. A palestra tem como objetivo inspirar uma nova gera\u00e7\u00e3o de cidad\u00e3os mais conscientes e participativos, mostrando que, longe de ser uma chatice, a pol\u00edtica \u00e9 uma ferramenta essencial para transformar realidades. Dossier de Atividades \u201cParlamento dos Jovens, Passo a Passo\u201d &#8220;Parlamento dos Jovens Passo a Passo&#8221; \u00e9 uma palestra pensada para orientar candidatos ao Parlamento dos Jovens nas escolas. Al\u00e9m de explicar como funciona o processo, ajudo cada lista a estruturar e fortalecer as suas medidas. Atrav\u00e9s de debates sobre temas relevantes, os participantes desenvolvem propostas concretas e aprendem na pr\u00e1tica a import\u00e2ncia do di\u00e1logo e da argumenta\u00e7\u00e3o pol\u00edtica. Partilho ainda a minha experi\u00eancia pessoal no Parlamento dos Jovens, mostrando como essa iniciativa pode ser um verdadeiro trampolim para a participa\u00e7\u00e3o c\u00edvica. Dossier de Atividades \u201cA Europa, aqui perto de n\u00f3s\u201d &#8220;A Europa Aqui Perto de N\u00f3s&#8221; \u00e9 uma palestra que aproxima os jovens da realidade europeia, mostrando como as decis\u00f5es tomadas na Uni\u00e3o Europeia impactam o nosso dia a dia. De forma interativa, exploro oportunidades, desafios e o papel de Portugal no projeto europeu, incentivando uma participa\u00e7\u00e3o mais ativa e consciente na constru\u00e7\u00e3o do futuro da Europa. Dossier de Atividades<\/p>\n","protected":false},"author":2,"featured_media":0,"parent":0,"menu_order":0,"comment_status":"closed","ping_status":"closed","template":"","meta":{"footnotes":""},"class_list":["post-390","page","type-page","status-publish","hentry"],"_links":{"self":[{"href":"https:\/\/henriquemsantos.pt\/index.php\/wp-json\/wp\/v2\/pages\/390","targetHints":{"allow":["GET"]}}],"collection":[{"href":"https:\/\/henriquemsantos.pt\/index.php\/wp-json\/wp\/v2\/pages"}],"about":[{"href":"https:\/\/henriquemsantos.pt\/index.php\/wp-json\/wp\/v2\/types\/page"}],"author":[{"embeddable":true,"href":"https:\/\/henriquemsantos.pt\/index.php\/wp-json\/wp\/v2\/users\/2"}],"replies":[{"embeddable":true,"href":"https:\/\/henriquemsantos.pt\/index.php\/wp-json\/wp\/v2\/comments?post=390"}],"version-history":[{"count":116,"href":"https:\/\/henriquemsantos.pt\/index.php\/wp-json\/wp\/v2\/pages\/390\/revisions"}],"predecessor-version":[{"id":914,"href":"https:\/\/henriquemsantos.pt\/index.php\/wp-json\/wp\/v2\/pages\/390\/revisions\/914"}],"wp:attachment":[{"href":"https:\/\/henriquemsantos.pt\/index.php\/wp-json\/wp\/v2\/media?parent=390"}],"curies":[{"name":"wp","href":"https:\/\/api.w.org\/{rel}","templated":true}]}}